{"id":1108,"date":"2023-10-25T07:19:23","date_gmt":"2023-10-25T07:19:23","guid":{"rendered":"https:\/\/allsurinametours.com\/?page_id=1108"},"modified":"2026-02-10T11:23:20","modified_gmt":"2026-02-10T11:23:20","slug":"nuestras-visitas","status":"publish","type":"page","link":"https:\/\/allsurinametours.com\/es\/nuestras-visitas\/","title":{"rendered":"Nuestros tours"},"content":{"rendered":"<p>[et_pb_section fb_built=&#8221;1&#8243; _builder_version=&#8221;4.27.5&#8243; _module_preset=&#8221;default&#8221; custom_padding=&#8221;14px||5px|||&#8221; global_colors_info=&#8221;{}&#8221;][et_pb_row column_structure=&#8221;1_2,1_2&#8243; _builder_version=&#8221;4.27.5&#8243; _module_preset=&#8221;default&#8221; custom_padding=&#8221;20px||4px|||&#8221; hover_enabled=&#8221;0&#8243; global_colors_info=&#8221;{}&#8221; sticky_enabled=&#8221;0&#8243;][et_pb_column type=&#8221;1_2&#8243; _builder_version=&#8221;4.23.1&#8243; _module_preset=&#8221;default&#8221; global_colors_info=&#8221;{}&#8221;][et_pb_text _builder_version=&#8221;4.27.5&#8243; _module_preset=&#8221;default&#8221; custom_margin=&#8221;||5px||false|false&#8221; hover_enabled=&#8221;0&#8243; global_colors_info=&#8221;{}&#8221; custom_margin_last_edited=&#8221;on|tablet&#8221; sticky_enabled=&#8221;0&#8243; custom_margin_tablet=&#8221;||0px||false|false&#8221; custom_margin_phone=&#8221;||0px||false|false&#8221;]<\/p>\n<h6>Eendaags of meerdaags<\/h6>\n<h2>Ontdek onze fantastische tours<\/h2>\n<p>Filter, sorteer of zoek en vindt de tour die het beste bij uw voorkkeuren past. U kunt een boekingsaanvraag doen via onze website, of contact met ons opnemen voor verder advies of telefonisch reserveren.<\/p>\n<p>[\/et_pb_text][\/et_pb_column][et_pb_column type=&#8221;1_2&#8243; _builder_version=&#8221;4.23.1&#8243; _module_preset=&#8221;default&#8221; global_colors_info=&#8221;{}&#8221;][et_pb_blurb title=&#8221;Geen verborgen kosten&#8221; url=&#8221;#&#8221; use_icon=&#8221;on&#8221; font_icon=&#8221;&#xf058;||fa||900&#8243; icon_color=&#8221;#027F0A&#8221; icon_placement=&#8221;left&#8221; image_icon_width=&#8221;64px&#8221; content_max_width=&#8221;100%&#8221; _builder_version=&#8221;4.27.5&#8243; header_font=&#8221;|on|||&#8221; header_text_color=&#8221;#2e2545&#8243; header_line_height=&#8221;1.5em&#8221; body_text_color=&#8221;#8585bd&#8221; body_line_height=&#8221;1.9em&#8221; background_color=&#8221;#ffffff&#8221; custom_margin=&#8221;||||false|false&#8221; custom_padding=&#8221;30px|30px|30px|30px|false|false&#8221; animation_direction=&#8221;bottom&#8221; hover_enabled=&#8221;0&#8243; border_radii=&#8221;on|20px|20px|20px|20px&#8221; box_shadow_style=&#8221;preset1&#8243; box_shadow_color=&#8221;rgba(71,74,182,0.12)&#8221; image_max_width=&#8221;64px&#8221; saved_tabs=&#8221;all&#8221; locked=&#8221;off&#8221; global_colors_info=&#8221;{}&#8221; sticky_enabled=&#8221;0&#8243;]<\/p>\n<p>Wat je ziet, is wat je betaalt! Bij ons komen er geen onverwachte kosten bij.<\/p>\n<p>[\/et_pb_blurb][\/et_pb_column][\/et_pb_row][et_pb_row _builder_version=&#8221;4.27.5&#8243; _module_preset=&#8221;default&#8221; custom_padding=&#8221;10px||6px|||&#8221; hover_enabled=&#8221;0&#8243; global_colors_info=&#8221;{}&#8221; custom_margin=&#8221;|auto||auto|false|false&#8221; custom_margin_last_edited=&#8221;on|phone&#8221; sticky_enabled=&#8221;0&#8243; custom_margin_tablet=&#8221;19px||||false|false&#8221; custom_margin_phone=&#8221;19px||||false|false&#8221;][et_pb_column type=&#8221;4_4&#8243; _builder_version=&#8221;4.23.1&#8243; _module_preset=&#8221;default&#8221; global_colors_info=&#8221;{}&#8221;][et_pb_text _builder_version=&#8221;4.27.5&#8243; _module_preset=&#8221;default&#8221; custom_margin=&#8221;||4px|||&#8221; global_colors_info=&#8221;{}&#8221;]<\/p>\n<p>\u00a0<strong>Weet u al welke tour(s) u wilt? <a href=\"https:\/\/allsurinametours.fillout.com\/t\/vy5DrT2gBYus\" target=\"_blank\" rel=\"noopener\">Klik dan hier<\/a> om het boekingsformulier te openen en in 1 keer al uw tours te selecteren en aan te vragen.<\/strong><\/p>\n<p>[\/et_pb_text][\/et_pb_column][\/et_pb_row][\/et_pb_section][et_pb_section fb_built=&#8221;1&#8243; _builder_version=&#8221;4.27.5&#8243; _module_preset=&#8221;default&#8221; custom_padding=&#8221;11px||11px|||&#8221; global_colors_info=&#8221;{}&#8221;][et_pb_row _builder_version=&#8221;4.27.5&#8243; _module_preset=&#8221;default&#8221; custom_padding=&#8221;5px|||||&#8221; global_colors_info=&#8221;{}&#8221;][et_pb_column type=&#8221;4_4&#8243; _builder_version=&#8221;4.16&#8243; _module_preset=&#8221;default&#8221; global_colors_info=&#8221;{}&#8221;][dpdfg_filtergrid custom_query=&#8221;advanced&#8221; use_taxonomy_terms=&#8221;on&#8221; exclude_terms=&#8221;84&#8243; post_number=&#8221;100&#8243; order=&#8221;ASC&#8221; orderby=&#8221;meta_value&#8221; meta_key=&#8221;Totaalprijs&#8221; meta_type=&#8221;NUMERIC&#8221; no_results=&#8221;Helaas, met deze specifieke filtercombinatie zijn er momenteel geen resultaten beschikbaar. U kunt ervoor kiezen om de filters te resetten of enkele filters te verwijderen door simpelweg op de geselecteerde filters te klikken.&#8221; thumbnail_size=&#8221;1024&#215;1024&#8243; title_link=&#8221;on&#8221; show_author=&#8221;off&#8221; show_terms=&#8221;on&#8221; show_terms_taxonomy=&#8221;category,duur&#8221; terms_separator=&#8221; | &#8221; terms_links=&#8221;off&#8221; show_content=&#8221;on&#8221; truncate_content=&#8221;150&#8243; truncate_excerpt=&#8221;on&#8221; read_more=&#8221;on&#8221; read_more_text=&#8221;Open tour&#8221; show_custom_fields=&#8221;on&#8221; custom_fields=&#8221;%91{%22name%22:%22aero_Prijsweergave website%22,%22label%22:%22%22}%93&#8243; multilevel=&#8221;on&#8221; multilevel_tax_data=&#8221;%91{%22name%22:%22category%22,%22label%22:%22Tourcategorie%22,%22all%22:%22Alle categorien%22},{%22name%22:%22duur%22,%22label%22:%22Duur van de tour%22,%22all%22:%22Alle lengtes%22},{%22name%22:%22prijs%22,%22label%22:%22Prijsklasse%22,%22all%22:%22Alle prijsklassen%22}%93&#8243; filter_terms=&#8221;1,63,78,82,45,83,81,40,41,42,12,13,39,70,50,51,65,66,69,71,73,85,74,75,72,76&#8243; filters_sort=&#8221;slug&#8221; clear_filters=&#8221;on&#8221; clear_filters_text=&#8221;Reset filters&#8221; filter_layout=&#8221;select&#8221; multifilter=&#8221;on&#8221; show_sort=&#8221;on&#8221; orderby_sort=&#8221;%91{%22name%22:%22default%22,%22show%22:%22on%22},{%22name%22:%22title%22,%22show%22:%22on%22},{%22name%22:%22date%22,%22show%22:%22on%22},{%22name%22:%22type%22,%22show%22:%22off%22},{%22name%22:%22author%22,%22show%22:%22off%22},{%22name%22:%22comment_count%22,%22show%22:%22off%22}%93&#8243; orderby_text=&#8221;Sorteren op basis van&#8221; date_ob_text=&#8221;Toevoegdatum&#8221; title_ob_text=&#8221;Naam&#8221; d_ob_text=&#8221;Prijs&#8221; url_navigation=&#8221;on&#8221; show_pagination=&#8221;off&#8221; items_width=&#8221;50vh&#8221; column_gutter=&#8221;3em&#8221; row_gutter=&#8221;3em&#8221; hover_icon=&#8221;&#xf35d;||fa||900&#8243; overlay_icon_color=&#8221;#027F0A&#8221; hover_overlay_color=&#8221;rgba(255,255,255,0.32)&#8221; dfg_loader=&#8221;c3&#8243; dfg_lc1=&#8221;#027F0A&#8221; dfg_lc2=&#8221;#00AF02&#8243; show_search=&#8221;on&#8221; search_placeholder=&#8221;Zoek tour&#8221; bg_filter_active=&#8221;#027F0A&#8221; items_width_tablet=&#8221;100%&#8221; items_width_phone=&#8221;100%&#8221; items_width_last_edited=&#8221;on|phone&#8221; _builder_version=&#8221;4.27.5&#8243; _module_preset=&#8221;default&#8221; dpdfg_entry_title_font=&#8221;|600|||||||&#8221; dpdfg_entry_title_text_color=&#8221;#027F0A&#8221; dpdfg_entry_title_font_size=&#8221;25px&#8221; dpdfg_entry_meta_font=&#8221;|600||on|||||&#8221; dpdfg_entry_cf_value_font_size=&#8221;38px&#8221; dpdfg_entry_custom_font=&#8221;|800|||||||&#8221; dpdfg_entry_custom_text_align=&#8221;right&#8221; dpdfg_entry_custom_text_color=&#8221;#027F0A&#8221; dpdfg_search_text_color=&#8221;#000000&#8243; dpdfg_search_line_height=&#8221;2em&#8221; dpdfg_filters_font=&#8221;|||on|||||&#8221; dpdfg_filters_active_font=&#8221;|700|||||||&#8221; dpdfg_filters_active_text_color=&#8221;#FFFFFF&#8221; dpdfg_levels_labels_font=&#8221;|||on|||||&#8221; dpdfg_levels_labels_text_align=&#8221;center&#8221; dpdfg_levels_labels_font_size=&#8221;19px&#8221; dpdfg_levels_labels_line_height=&#8221;1.6em&#8221; dpdfg_dropdown_tags_text_color=&#8221;#FFFFFF&#8221; custom_read_more_button=&#8221;on&#8221; read_more_button_icon=&#8221;&#xf35d;||fa||900&#8243; read_more_button_icon_placement=&#8221;left&#8221; read_more_button_alignment=&#8221;left&#8221; custom_action_button=&#8221;on&#8221; action_button_icon=&#8221;&#xf35d;||fa||900&#8243; action_button_on_hover=&#8221;off&#8221; action_button_alignment=&#8221;left&#8221; custom_clear_filters_button=&#8221;on&#8221; clear_filters_button_font=&#8221;||||||||&#8221; clear_filters_button_icon=&#8221;&#xf057;||fa||400&#8243; clear_filters_button_icon_placement=&#8221;left&#8221; clear_filters_button_on_hover=&#8221;off&#8221; clear_filters_button_custom_margin=&#8221;||||false|false&#8221; clear_filters_button_custom_padding=&#8221;||||false|false&#8221; module_alignment=&#8221;left&#8221; custom_margin=&#8221;||||false|false&#8221; custom_padding=&#8221;||||false|false&#8221; dpdfg_entry_cf_value_font_size_tablet=&#8221;38px&#8221; dpdfg_entry_cf_value_font_size_phone=&#8221;30px&#8221; dpdfg_entry_cf_value_font_size_last_edited=&#8221;on|phone&#8221; custom_css_free_form=&#8221;.dp-dfg-dropdown-label {||  border-radius: 20px!Important;||  border-color: green!important;||}||||.dp-dfg-dropdown-tag {||  border-radius: 5px;||}&#8221; custom_css_dp-dfg-search-input=&#8221;width: 100%!important;||border-width: 1px;||border-radius: 20px!important;||border-color: green!important;||background: white;&#8221; custom_css_dp-dfg-search-icon=&#8221;background: transparent;&#8221; custom_css_dp-dfg-item=&#8221;padding-bottom: 10px;&#8221; custom_css_entry-thumb=&#8221;height:250px!important;||object-fit: cover!important;&#8221; custom_css_entry-header=&#8221;padding-top: 20px;||padding-left: 10px;||padding-right: 10px;||padding-bottom: 0px;&#8221; custom_css_entry-meta=&#8221;padding-left: 10px;||padding-right: 10px;||padding-top: 10px;&#8221; custom_css_entry-summary=&#8221;padding-left: 10px;||padding-right: 10px;||padding-bottom: 12px;&#8221; custom_css_entry-cf-value=&#8221;border-radius: 40%;||background-color: green;||margin: 10px;||padding: 10px;||color: white;&#8221; custom_css_entry-button=&#8221;padding-left: 10px;||padding-right: 10px;&#8221; custom_css_entry-custom-content=&#8221;  position: absolute;||  top: 50px;||  right: 40px;||  width: 100%;||  height: 100%;||  background-position: center center;||  background-size: cover;&#8221; border_radii=&#8221;on|20px|20px|20px|20px&#8221; border_width_all=&#8221;0px&#8221; border_radii_popup=&#8221;on|20px|20px|20px|20px&#8221; box_shadow_style=&#8221;preset1&#8243; box_shadow_blur=&#8221;11px&#8221; box_shadow_style_popup=&#8221;preset1&#8243; global_colors_info=&#8221;{}&#8221; clear_filters_button_bg_color__hover_enabled=&#8221;on|hover&#8221; clear_filters_button_bg_color__hover=&#8221;#027F0A&#8221; clear_filters_button_bg_enable_color__hover=&#8221;on&#8221; read_more_button_bg_color__hover_enabled=&#8221;on|hover&#8221; read_more_button_bg_color__hover=&#8221;#027F0A&#8221; read_more_button_bg_enable_color__hover=&#8221;on&#8221; custom_css_entry-custom-content_last_edited=&#8221;on|phone&#8221; custom_css_entry-custom-content_tablet=&#8221;margin-top: 20px;&#8221; custom_css_entry-custom-content_phone=&#8221;  position: absolute;||  top: 40px;||  right: 20px;||  width: 100%;||  height: 100%;||  background-position: center center;||  background-size: cover;&#8221; custom_css_entry-thumb_last_edited=&#8221;on|phone&#8221; custom_css_entry-thumb_phone=&#8221;height:250px!important;||object-fit: cover!important;&#8221; custom_css_entry-thumb_tablet=&#8221;height:320px!important;||object-fit: cover!important;&#8221; custom_css_entry-cf-value_last_edited=&#8221;on|phone&#8221; custom_css_entry-cf-value_phone=&#8221;border-radius: 40%;||background-color: green;||padding: 10px;||color: white;&#8221; custom_css_entry-cf_last_edited=&#8221;on|phone&#8221; custom_css_entry-cf_phone=&#8221;margin-top: 120px;||margin-right: -7px;&#8221; custom_css_entry-cf-value_tablet=&#8221;border-radius: 40%;||background-color: green;||margin: 10px;||padding: 10px;||color: white;&#8221;][\/dpdfg_filtergrid][\/et_pb_column][\/et_pb_row][\/et_pb_section]<\/p>\n","protected":false},"excerpt":{"rendered":"<p>D\u00e9jese encantar por nuestra variada gama de tours inolvidables en Surinam. Desde impresionantes recorridos por la jungla hasta viajes culturales de descubrimiento a trav\u00e9s de lugares hist\u00f3ricos. Explora la exuberante naturaleza, refr\u00e9scate en hermosas cascadas y sum\u00e9rgete en la rica cultura. Deja que All Suriname Tours te gu\u00ede a un mundo de aventuras y descubrimientos. \u00a1Reserve su experiencia \u00fanica hoy!<\/p>","protected":false},"author":1,"featured_media":241,"parent":0,"menu_order":0,"comment_status":"closed","ping_status":"closed","template":"","meta":{"_acf_changed":false,"_et_pb_use_builder":"on","_et_pb_old_content":"<!-- wp:divi\/placeholder \/-->","_et_gb_content_width":"","footnotes":""},"class_list":["post-1108","page","type-page","status-publish","has-post-thumbnail","hentry"],"acf":[],"aioseo_notices":[],"_links":{"self":[{"href":"https:\/\/allsurinametours.com\/es\/wp-json\/wp\/v2\/pages\/1108","targetHints":{"allow":["GET"]}}],"collection":[{"href":"https:\/\/allsurinametours.com\/es\/wp-json\/wp\/v2\/pages"}],"about":[{"href":"https:\/\/allsurinametours.com\/es\/wp-json\/wp\/v2\/types\/page"}],"author":[{"embeddable":true,"href":"https:\/\/allsurinametours.com\/es\/wp-json\/wp\/v2\/users\/1"}],"replies":[{"embeddable":true,"href":"https:\/\/allsurinametours.com\/es\/wp-json\/wp\/v2\/comments?post=1108"}],"version-history":[{"count":125,"href":"https:\/\/allsurinametours.com\/es\/wp-json\/wp\/v2\/pages\/1108\/revisions"}],"predecessor-version":[{"id":5819,"href":"https:\/\/allsurinametours.com\/es\/wp-json\/wp\/v2\/pages\/1108\/revisions\/5819"}],"wp:featuredmedia":[{"embeddable":true,"href":"https:\/\/allsurinametours.com\/es\/wp-json\/wp\/v2\/media\/241"}],"wp:attachment":[{"href":"https:\/\/allsurinametours.com\/es\/wp-json\/wp\/v2\/media?parent=1108"}],"curies":[{"name":"wp","href":"https:\/\/api.w.org\/{rel}","templated":true}]}}